{"id":78,"date":"2026-03-11T12:58:51","date_gmt":"2026-03-11T12:58:51","guid":{"rendered":"https:\/\/nunatraditionalthaimassage.com\/help-info\/"},"modified":"2026-03-27T15:17:13","modified_gmt":"2026-03-27T15:17:13","slug":"help-info","status":"publish","type":"page","link":"https:\/\/nunatraditionalthaimassage.com\/de\/help-info\/","title":{"rendered":"Allgemeine Gesch\u00e4ftsbedingungen"},"content":{"rendered":"<div data-elementor-type=\"wp-page\" data-elementor-id=\"78\" class=\"elementor elementor-78\" data-elementor-post-type=\"page\">\n\t\t\t\t<div class=\"elementor-element elementor-element-70c764e e-flex e-con-boxed e-con e-parent\" data-id=\"70c764e\" data-element_type=\"container\" data-e-type=\"container\" data-settings=\"{&quot;background_background&quot;:&quot;classic&quot;}\">\n\t\t\t\t\t<div class=\"e-con-inner\">\n\t\t\t\t<div class=\"elementor-element elementor-element-c469abf elementor-widget elementor-widget-heading\" data-id=\"c469abf\" data-element_type=\"widget\" data-e-type=\"widget\" data-widget_type=\"heading.default\">\n\t\t\t\t\t<h2 class=\"elementor-heading-title elementor-size-default\">Allgemeine Gesch\u00e4ftsbedingungen und Hausordnung<\/h2>\t\t\t\t<\/div>\n\t\t\t\t<div class=\"elementor-element elementor-element-01427d9 elementor-widget-divider--view-line elementor-widget elementor-widget-divider\" data-id=\"01427d9\" data-element_type=\"widget\" data-e-type=\"widget\" data-widget_type=\"divider.default\">\n\t\t\t\t\t\t\t<div class=\"elementor-divider\">\n\t\t\t<span class=\"elementor-divider-separator\">\n\t\t\t\t\t\t<\/span>\n\t\t<\/div>\n\t\t\t\t\t\t<\/div>\n\t\t\t\t<div class=\"elementor-element elementor-element-1ca9745 elementor-widget elementor-widget-text-editor\" data-id=\"1ca9745\" data-element_type=\"widget\" data-e-type=\"widget\" data-widget_type=\"text-editor.default\">\n\t\t\t\t\t\t\t\t\t<p><strong>Wenn Sie einen (Online-)Termin f\u00fcr eine traditionelle Thai-Massage bei Nuna vereinbaren, gehe ich davon aus, dass Sie diese Allgemeinen Gesch\u00e4ftsbedingungen gelesen haben und ihnen zustimmen.<\/strong><\/p>\t\t\t\t\t\t\t\t<\/div>\n\t\t\t\t\t<\/div>\n\t\t\t\t<\/div>\n\t\t<div class=\"elementor-element elementor-element-e1a9db6 e-con-full e-flex e-con e-parent\" data-id=\"e1a9db6\" data-element_type=\"container\" data-e-type=\"container\">\n\t\t<div class=\"elementor-element elementor-element-77e1d15 e-con-full e-flex e-con e-child\" data-id=\"77e1d15\" data-element_type=\"container\" data-e-type=\"container\" data-settings=\"{&quot;background_background&quot;:&quot;classic&quot;}\">\n\t\t\t\t<div class=\"elementor-element elementor-element-671f369 elementor-widget elementor-widget-text-editor\" data-id=\"671f369\" data-element_type=\"widget\" data-e-type=\"widget\" data-widget_type=\"text-editor.default\">\n\t\t\t\t\t\t\t\t\t<p class=\"wp-block-paragraph\">1. Aus organisatorischen Gr\u00fcnden werden Sie bei der (Online-)Terminvereinbarung nach Ihrem Namen, Ihrer Telefonnummer oder Ihrer E-Mail-Adresse gefragt.<\/p><p class=\"wp-block-paragraph\">2. Vor der ersten Massage f\u00fchre ich ein kurzes Vorgespr\u00e4ch. Der Klient ist f\u00fcr die Richtigkeit der dabei gemachten (medizinischen) Angaben verantwortlich. Darauf basierend kann die Massage verantwortungsvoll und sicher durchgef\u00fchrt werden.<\/p><p class=\"wp-block-paragraph\">3. Im Falle von \u00c4nderungen im (medizinischen) Zustand des Klienten ist dieser pers\u00f6nlich daf\u00fcr verantwortlich, mich dar\u00fcber zu informieren.<\/p><p class=\"wp-block-paragraph\">4. Alle Informationen, die Sie mir im Rahmen des Erstgespr\u00e4chs und der Massagen mitteilen, werden vertraulich behandelt. Diese Informationen werden nicht an Dritte weitergegeben.<\/p><p class=\"wp-block-paragraph\">5. Bei Nuna\u2019s Traditional Thai Massage werden keine medizinischen Diagnosen gestellt. Im Zweifelsfall behalte ich mir vor, von einer Massage abzusehen und Sie an Ihren Hausarzt oder einen Facharzt zu verweisen.<\/p><p class=\"wp-block-paragraph\">6. Massagen sind bei Fieber, Grippe oder in der Schwangerschaft bis zur 12. Woche nicht gestattet. Bei akuten Verletzungen, Bluthochdruck oder Erkrankungen empfehlen wir Ihnen, vor der Terminvereinbarung Ihren Hausarzt zu konsultieren.<\/p><p class=\"wp-block-paragraph\">7. Termine k\u00f6nnen bis zu 24 Stunden vor dem Termin kostenfrei storniert werden. Bei Stornierungen oder Nichterscheinen innerhalb dieses Zeitraums wird der volle Betrag berechnet.<\/p><p class=\"wp-block-paragraph\">Bitte erscheinen Sie p\u00fcnktlich zu Ihrem Termin. Versp\u00e4tung ist zwar m\u00f6glich, kann aber von Ihrer reservierten Zeit abgezogen werden.<\/p><p class=\"wp-block-paragraph\">8. Die Bezahlung erfolgt in bar oder Karte und wird unmittelbar nach der Massage beglichen.<\/p><p class=\"wp-block-paragraph\">9. Im Falle des Verlusts von Geschenkkarten und Mehrfachkarten erlischt der Anspruch auf alle verbleibenden Behandlungen.<\/p><p class=\"wp-block-paragraph\">10. Geschenkgutscheine und 10er-Massagepakete k\u00f6nnen nicht gegen Bargeld eingel\u00f6st werden.<\/p><p class=\"wp-block-paragraph\">11. Die Vervielf\u00e4ltigung von Stempelkarten und\/oder Geschenkkarten ist verboten; deren Verkauf und Ausgabe erfolgt ausschlie\u00dflich durch oder \u00fcber Nuna\u2019s Traditional Thai Massage.<\/p><p class=\"wp-block-paragraph\">12. Nuna\u2019s Traditional Thai Massage \u00fcbernimmt keine Haftung f\u00fcr Besch\u00e4digung, Diebstahl und\/oder Verlust von pers\u00f6nlichen Gegenst\u00e4nden des Kunden.<\/p><p class=\"wp-block-paragraph\">13. Erotische Massagen geh\u00f6ren nicht zum Angebot von Nuna\u2019s Traditional Thai Massage. Kunden, die sich so verhalten, werden umgehend des Salons verwiesen und sind nicht mehr willkommen.<\/p><p class=\"wp-block-paragraph\">14. Kleidung darf w\u00e4hrend der Massage abgelegt werden, Unterw\u00e4sche muss jedoch jederzeit anbehalten werden. Das An- und Ausziehen innerhalb der gebuchten Stunde ist inbegriffen. Sollte Ihnen dies nicht ausreichen, bitten wir Sie, zus\u00e4tzliche Zeit zu buchen. Massagen ohne Unterw\u00e4sche sind nicht erw\u00fcnscht.<\/p><p class=\"wp-block-paragraph\">15. Mit Ihrer Zustimmung zu diesen Gesch\u00e4ftsbedingungen erkl\u00e4ren Sie au\u00dferdem, dass Sie Nuna\u2019s Traditional Thai Massage nicht f\u00fcr etwaige Nebenwirkungen und\/oder Nachwirkungen haftbar machen, die sich aus einer Ihnen verabreichten Massage\/Behandlung ergeben k\u00f6nnten.<\/p><p class=\"wp-block-paragraph\">Nach der Behandlung k\u00f6nnen kurzzeitig Kopf- und\/oder Muskelschmerzen auftreten; diese klingen von selbst wieder ab. Trinken Sie vor und nach der Behandlung stets ausreichend Wasser.<\/p>\t\t\t\t\t\t\t\t<\/div>\n\t\t\t\t<\/div>\n\t\t\t\t<\/div>\n\t\t<div class=\"elementor-element elementor-element-c9817ac e-con-full e-flex e-con e-parent\" data-id=\"c9817ac\" data-element_type=\"container\" data-e-type=\"container\">\n\t\t\t\t<div class=\"elementor-element elementor-element-19b341a elementor-bg-transform elementor-bg-transform-move-up elementor-cta--skin-classic elementor-animated-content elementor-widget elementor-widget-call-to-action\" data-id=\"19b341a\" data-element_type=\"widget\" data-e-type=\"widget\" data-widget_type=\"call-to-action.default\">\n\t\t\t\t\t\t\t<div class=\"elementor-cta\">\n\t\t\t\t\t<div class=\"elementor-cta__bg-wrapper\">\n\t\t\t\t<div class=\"elementor-cta__bg elementor-bg\" style=\"background-image: url(https:\/\/nunatraditionalthaimassage.com\/wp-content\/uploads\/2026\/03\/3_Interior_Design_Firm-Img_1.jpg);\" role=\"img\" aria-label=\"3_Interior_Design_Firm-Img_1.jpg\"><\/div>\n\t\t\t\t<div class=\"elementor-cta__bg-overlay\"><\/div>\n\t\t\t<\/div>\n\t\t\t\t\t\t\t<div class=\"elementor-cta__content\">\n\t\t\t\t\n\t\t\t\t\t\t\t\t\t<h2 class=\"elementor-cta__title elementor-cta__content-item elementor-content-item\">\n\t\t\t\t\t\tContact\t\t\t\t\t<\/h2>\n\t\t\t\t\n\t\t\t\t\t\t\t\t\t<div class=\"elementor-cta__description elementor-cta__content-item elementor-content-item\">\n\t\t\t\t\t\tHaben Sie Fragen oder Anmerkungen zu unseren Regeln und Bedingungen? Dann senden Sie mir eine Nachricht \u00fcber WhatsApp.\t\t\t\t\t<\/div>\n\t\t\t\t\n\t\t\t\t\t\t\t\t\t<div class=\"elementor-cta__button-wrapper elementor-cta__content-item elementor-content-item\">\n\t\t\t\t\t<a class=\"elementor-cta__button elementor-button elementor-size-\" href=\"http:\/\/wa.me\/0031651309043\">\n\t\t\t\t\t\tWhatsApp\t\t\t\t\t<\/a>\n\t\t\t\t\t<\/div>\n\t\t\t\t\t\t\t<\/div>\n\t\t\t\t\t\t\t<div class=\"elementor-ribbon\">\n\t\t\t\t<div class=\"elementor-ribbon-inner\">\n\t\t\t\t\tVragen?\t\t\t\t<\/div>\n\t\t\t<\/div>\n\t\t\t\t<\/div>\n\t\t\t\t\t\t<\/div>\n\t\t\t\t<\/div>\n\t\t\t\t<\/div>","protected":false},"excerpt":{"rendered":"<p>Algemene voorwaarden en huisregels Als je een (online) afspraak maakt bij Nuna\u2019s traditional Thai massage ga ik er van uit dat je deze voorwaarden hebt gelezen en hiermee akkoord gaat. 1. Voor het bijhouden van de administratie wordt bij het maken van een (online) afspraak naar je naam, telefoonnummer of e-mailadres gevraagd. 2. Voorafgaand aan [&hellip;]<\/p>\n","protected":false},"author":1,"featured_media":0,"parent":0,"menu_order":0,"comment_status":"closed","ping_status":"closed","template":"elementor_header_footer","meta":{"footnotes":""},"class_list":["post-78","page","type-page","status-publish","hentry"],"yoast_head":"<!-- This site is optimized with the Yoast SEO plugin v27.4 - https:\/\/yoast.com\/product\/yoast-seo-wordpress\/ -->\n<title>Algemene Voorwaarden &amp; Huisregels | Nuna&#039;s Thai Massage<\/title>\n<meta name=\"description\" content=\"Lees de algemene voorwaarden en huisregels. Zo weet je precies waar je aan toe bent voor, tijdens en na je behandeling.\" \/>\n<meta name=\"robots\" content=\"index, follow, max-snippet:-1, max-image-preview:large, max-video-preview:-1\" \/>\n<link rel=\"canonical\" href=\"https:\/\/nunatraditionalthaimassage.com\/de\/help-info\/\" \/>\n<meta property=\"og:locale\" content=\"de_DE\" \/>\n<meta property=\"og:type\" content=\"article\" \/>\n<meta property=\"og:title\" content=\"Algemene Voorwaarden &amp; Huisregels | Nuna&#039;s Thai Massage\" \/>\n<meta property=\"og:description\" content=\"Lees de algemene voorwaarden en huisregels. Zo weet je precies waar je aan toe bent voor, tijdens en na je behandeling.\" \/>\n<meta property=\"og:url\" content=\"https:\/\/nunatraditionalthaimassage.com\/de\/help-info\/\" \/>\n<meta property=\"og:site_name\" content=\"https:\/\/nunatraditionalthaimassage.com\" \/>\n<meta property=\"article:publisher\" content=\"https:\/\/www.facebook.com\/nunathaimassage\" \/>\n<meta property=\"article:modified_time\" content=\"2026-03-27T15:17:13+00:00\" \/>\n<meta name=\"twitter:card\" content=\"summary_large_image\" \/>\n<meta name=\"twitter:label1\" content=\"Gesch\u00e4tzte Lesezeit\" \/>\n\t<meta name=\"twitter:data1\" content=\"3\u00a0Minuten\" \/>\n<script type=\"application\/ld+json\" class=\"yoast-schema-graph\">{\"@context\":\"https:\\\/\\\/schema.org\",\"@graph\":[{\"@type\":\"WebPage\",\"@id\":\"https:\\\/\\\/nunatraditionalthaimassage.com\\\/help-info\\\/\",\"url\":\"https:\\\/\\\/nunatraditionalthaimassage.com\\\/help-info\\\/\",\"name\":\"Algemene Voorwaarden & Huisregels | Nuna's Thai Massage\",\"isPartOf\":{\"@id\":\"https:\\\/\\\/nunatraditionalthaimassage.com\\\/#website\"},\"datePublished\":\"2026-03-11T12:58:51+00:00\",\"dateModified\":\"2026-03-27T15:17:13+00:00\",\"description\":\"Lees de algemene voorwaarden en huisregels. Zo weet je precies waar je aan toe bent voor, tijdens en na je behandeling.\",\"breadcrumb\":{\"@id\":\"https:\\\/\\\/nunatraditionalthaimassage.com\\\/help-info\\\/#breadcrumb\"},\"inLanguage\":\"de\",\"potentialAction\":[{\"@type\":\"ReadAction\",\"target\":[\"https:\\\/\\\/nunatraditionalthaimassage.com\\\/help-info\\\/\"]}]},{\"@type\":\"BreadcrumbList\",\"@id\":\"https:\\\/\\\/nunatraditionalthaimassage.com\\\/help-info\\\/#breadcrumb\",\"itemListElement\":[{\"@type\":\"ListItem\",\"position\":1,\"name\":\"Home\",\"item\":\"https:\\\/\\\/nunatraditionalthaimassage.com\\\/\"},{\"@type\":\"ListItem\",\"position\":2,\"name\":\"Algemene voorwaarden\"}]},{\"@type\":\"WebSite\",\"@id\":\"https:\\\/\\\/nunatraditionalthaimassage.com\\\/#website\",\"url\":\"https:\\\/\\\/nunatraditionalthaimassage.com\\\/\",\"name\":\"https:\\\/\\\/nunatraditionalthaimassage.com\",\"description\":\"Feel at home in your body\",\"publisher\":{\"@id\":\"https:\\\/\\\/nunatraditionalthaimassage.com\\\/#organization\"},\"potentialAction\":[{\"@type\":\"SearchAction\",\"target\":{\"@type\":\"EntryPoint\",\"urlTemplate\":\"https:\\\/\\\/nunatraditionalthaimassage.com\\\/?s={search_term_string}\"},\"query-input\":{\"@type\":\"PropertyValueSpecification\",\"valueRequired\":true,\"valueName\":\"search_term_string\"}}],\"inLanguage\":\"de\"},{\"@type\":\"Organization\",\"@id\":\"https:\\\/\\\/nunatraditionalthaimassage.com\\\/#organization\",\"name\":\"https:\\\/\\\/nunatraditionalthaimassage.com\",\"url\":\"https:\\\/\\\/nunatraditionalthaimassage.com\\\/\",\"logo\":{\"@type\":\"ImageObject\",\"inLanguage\":\"de\",\"@id\":\"https:\\\/\\\/nunatraditionalthaimassage.com\\\/#\\\/schema\\\/logo\\\/image\\\/\",\"url\":\"https:\\\/\\\/nunatraditionalthaimassage.com\\\/wp-content\\\/uploads\\\/2026\\\/03\\\/nuna_favicon.png\",\"contentUrl\":\"https:\\\/\\\/nunatraditionalthaimassage.com\\\/wp-content\\\/uploads\\\/2026\\\/03\\\/nuna_favicon.png\",\"width\":875,\"height\":875,\"caption\":\"https:\\\/\\\/nunatraditionalthaimassage.com\"},\"image\":{\"@id\":\"https:\\\/\\\/nunatraditionalthaimassage.com\\\/#\\\/schema\\\/logo\\\/image\\\/\"},\"sameAs\":[\"https:\\\/\\\/www.facebook.com\\\/nunathaimassage\",\"https:\\\/\\\/www.instagram.com\\\/nuna.thai.massage\\\/\",\"https:\\\/\\\/www.linkedin.com\\\/company\\\/nuna-s-traditional-thai-massage\\\/\",\"https:\\\/\\\/youtube.com\\\/@NunastraditionalThaimassage\"]}]}<\/script>\n<!-- \/ Yoast SEO plugin. -->","yoast_head_json":{"title":"Algemene Voorwaarden & Huisregels | Nuna's Thai Massage","description":"Lees de algemene voorwaarden en huisregels. Zo weet je precies waar je aan toe bent voor, tijdens en na je behandeling.","robots":{"index":"index","follow":"follow","max-snippet":"max-snippet:-1","max-image-preview":"max-image-preview:large","max-video-preview":"max-video-preview:-1"},"canonical":"https:\/\/nunatraditionalthaimassage.com\/de\/help-info\/","og_locale":"de_DE","og_type":"article","og_title":"Algemene Voorwaarden & Huisregels | Nuna's Thai Massage","og_description":"Lees de algemene voorwaarden en huisregels. Zo weet je precies waar je aan toe bent voor, tijdens en na je behandeling.","og_url":"https:\/\/nunatraditionalthaimassage.com\/de\/help-info\/","og_site_name":"https:\/\/nunatraditionalthaimassage.com","article_publisher":"https:\/\/www.facebook.com\/nunathaimassage","article_modified_time":"2026-03-27T15:17:13+00:00","twitter_card":"summary_large_image","twitter_misc":{"Gesch\u00e4tzte Lesezeit":"3\u00a0Minuten"},"schema":{"@context":"https:\/\/schema.org","@graph":[{"@type":"WebPage","@id":"https:\/\/nunatraditionalthaimassage.com\/help-info\/","url":"https:\/\/nunatraditionalthaimassage.com\/help-info\/","name":"Algemene Voorwaarden & Huisregels | Nuna's Thai Massage","isPartOf":{"@id":"https:\/\/nunatraditionalthaimassage.com\/#website"},"datePublished":"2026-03-11T12:58:51+00:00","dateModified":"2026-03-27T15:17:13+00:00","description":"Lees de algemene voorwaarden en huisregels. Zo weet je precies waar je aan toe bent voor, tijdens en na je behandeling.","breadcrumb":{"@id":"https:\/\/nunatraditionalthaimassage.com\/help-info\/#breadcrumb"},"inLanguage":"de","potentialAction":[{"@type":"ReadAction","target":["https:\/\/nunatraditionalthaimassage.com\/help-info\/"]}]},{"@type":"BreadcrumbList","@id":"https:\/\/nunatraditionalthaimassage.com\/help-info\/#breadcrumb","itemListElement":[{"@type":"ListItem","position":1,"name":"Home","item":"https:\/\/nunatraditionalthaimassage.com\/"},{"@type":"ListItem","position":2,"name":"Algemene voorwaarden"}]},{"@type":"WebSite","@id":"https:\/\/nunatraditionalthaimassage.com\/#website","url":"https:\/\/nunatraditionalthaimassage.com\/","name":"https:\/\/nunatraditionalthaimassage.com","description":"Feel at home in your body","publisher":{"@id":"https:\/\/nunatraditionalthaimassage.com\/#organization"},"potentialAction":[{"@type":"SearchAction","target":{"@type":"EntryPoint","urlTemplate":"https:\/\/nunatraditionalthaimassage.com\/?s={search_term_string}"},"query-input":{"@type":"PropertyValueSpecification","valueRequired":true,"valueName":"search_term_string"}}],"inLanguage":"de"},{"@type":"Organization","@id":"https:\/\/nunatraditionalthaimassage.com\/#organization","name":"https:\/\/nunatraditionalthaimassage.com","url":"https:\/\/nunatraditionalthaimassage.com\/","logo":{"@type":"ImageObject","inLanguage":"de","@id":"https:\/\/nunatraditionalthaimassage.com\/#\/schema\/logo\/image\/","url":"https:\/\/nunatraditionalthaimassage.com\/wp-content\/uploads\/2026\/03\/nuna_favicon.png","contentUrl":"https:\/\/nunatraditionalthaimassage.com\/wp-content\/uploads\/2026\/03\/nuna_favicon.png","width":875,"height":875,"caption":"https:\/\/nunatraditionalthaimassage.com"},"image":{"@id":"https:\/\/nunatraditionalthaimassage.com\/#\/schema\/logo\/image\/"},"sameAs":["https:\/\/www.facebook.com\/nunathaimassage","https:\/\/www.instagram.com\/nuna.thai.massage\/","https:\/\/www.linkedin.com\/company\/nuna-s-traditional-thai-massage\/","https:\/\/youtube.com\/@NunastraditionalThaimassage"]}]}},"_links":{"self":[{"href":"https:\/\/nunatraditionalthaimassage.com\/de\/wp-json\/wp\/v2\/pages\/78","targetHints":{"allow":["GET"]}}],"collection":[{"href":"https:\/\/nunatraditionalthaimassage.com\/de\/wp-json\/wp\/v2\/pages"}],"about":[{"href":"https:\/\/nunatraditionalthaimassage.com\/de\/wp-json\/wp\/v2\/types\/page"}],"author":[{"embeddable":true,"href":"https:\/\/nunatraditionalthaimassage.com\/de\/wp-json\/wp\/v2\/users\/1"}],"replies":[{"embeddable":true,"href":"https:\/\/nunatraditionalthaimassage.com\/de\/wp-json\/wp\/v2\/comments?post=78"}],"version-history":[{"count":16,"href":"https:\/\/nunatraditionalthaimassage.com\/de\/wp-json\/wp\/v2\/pages\/78\/revisions"}],"predecessor-version":[{"id":604,"href":"https:\/\/nunatraditionalthaimassage.com\/de\/wp-json\/wp\/v2\/pages\/78\/revisions\/604"}],"wp:attachment":[{"href":"https:\/\/nunatraditionalthaimassage.com\/de\/wp-json\/wp\/v2\/media?parent=78"}],"curies":[{"name":"wp","href":"https:\/\/api.w.org\/{rel}","templated":true}]}}