{"id":313,"date":"2026-03-16T16:04:22","date_gmt":"2026-03-16T16:04:22","guid":{"rendered":"https:\/\/nunatraditionalthaimassage.com\/?page_id=313"},"modified":"2026-03-29T17:10:34","modified_gmt":"2026-03-29T17:10:34","slug":"stellen-angebote","status":"publish","type":"page","link":"https:\/\/nunatraditionalthaimassage.com\/de\/vacatures\/","title":{"rendered":"Stellenangebote"},"content":{"rendered":"<div data-elementor-type=\"wp-page\" data-elementor-id=\"313\" class=\"elementor elementor-313\" data-elementor-post-type=\"page\">\n\t\t\t\t<div class=\"elementor-element elementor-element-55a7d2c e-flex e-con-boxed e-con e-parent\" data-id=\"55a7d2c\" data-element_type=\"container\" data-e-type=\"container\" data-settings=\"{&quot;background_background&quot;:&quot;classic&quot;}\">\n\t\t\t\t\t<div class=\"e-con-inner\">\n\t\t\t\t<div class=\"elementor-element elementor-element-94c1972 elementor-widget elementor-widget-heading\" data-id=\"94c1972\" data-element_type=\"widget\" data-e-type=\"widget\" data-widget_type=\"heading.default\">\n\t\t\t\t\t<h2 class=\"elementor-heading-title elementor-size-default\">Stellenangebote<\/h2>\t\t\t\t<\/div>\n\t\t\t\t<div class=\"elementor-element elementor-element-d7ed953 elementor-widget-divider--view-line elementor-widget elementor-widget-divider\" data-id=\"d7ed953\" data-element_type=\"widget\" data-e-type=\"widget\" data-widget_type=\"divider.default\">\n\t\t\t\t\t\t\t<div class=\"elementor-divider\">\n\t\t\t<span class=\"elementor-divider-separator\">\n\t\t\t\t\t\t<\/span>\n\t\t<\/div>\n\t\t\t\t\t\t<\/div>\n\t\t\t\t<div class=\"elementor-element elementor-element-574feec elementor-widget elementor-widget-heading\" data-id=\"574feec\" data-element_type=\"widget\" data-e-type=\"widget\" data-widget_type=\"heading.default\">\n\t\t\t\t\t<h2 class=\"elementor-heading-title elementor-size-default\">M\u00f6chtest du unserem Team beitreten?<\/h2>\t\t\t\t<\/div>\n\t\t\t\t<div class=\"elementor-element elementor-element-bbb27d1 elementor-widget elementor-widget-text-editor\" data-id=\"bbb27d1\" data-element_type=\"widget\" data-e-type=\"widget\" data-widget_type=\"text-editor.default\">\n\t\t\t\t\t\t\t\t\t<p><span style=\"font-weight: 400;\">Sind Sie eine zertifizierte Masseurin mit einer Leidenschaft f\u00fcr Thai-Massagetechniken? M\u00f6chten Sie Menschen helfen, sich zu entspannen und Schmerzen zu lindern? Dann suchen wir genau Sie!<\/span><\/p>\t\t\t\t\t\t\t\t<\/div>\n\t\t\t\t<div class=\"elementor-element elementor-element-02e81a9 elementor-absolute elementor-widget elementor-widget-text-editor\" data-id=\"02e81a9\" data-element_type=\"widget\" data-e-type=\"widget\" data-settings=\"{&quot;_position&quot;:&quot;absolute&quot;}\" data-widget_type=\"text-editor.default\">\n\t\t\t\t\t\t\t\t\t<p>Von 0 bis 40 Stunden pro Woche, nach gegenseitiger Vereinbarung.<\/p>\t\t\t\t\t\t\t\t<\/div>\n\t\t\t\t\t<\/div>\n\t\t\t\t<\/div>\n\t\t<div class=\"elementor-element elementor-element-3057719 e-con-full e-flex e-con e-parent\" data-id=\"3057719\" data-element_type=\"container\" data-e-type=\"container\">\n\t\t<div class=\"elementor-element elementor-element-4650c43 e-flex e-con-boxed e-con e-child\" data-id=\"4650c43\" data-element_type=\"container\" data-e-type=\"container\" data-settings=\"{&quot;background_background&quot;:&quot;classic&quot;}\">\n\t\t\t\t\t<div class=\"e-con-inner\">\n\t\t\t\t<div class=\"elementor-element elementor-element-d92922c elementor-widget elementor-widget-heading\" data-id=\"d92922c\" data-element_type=\"widget\" data-e-type=\"widget\" data-widget_type=\"heading.default\">\n\t\t\t\t\t<h2 class=\"elementor-heading-title elementor-size-default\">Was werden Sie tun?<\/h2>\t\t\t\t<\/div>\n\t\t\t\t<div class=\"elementor-element elementor-element-144848f elementor-widget elementor-widget-text-editor\" data-id=\"144848f\" data-element_type=\"widget\" data-e-type=\"widget\" data-widget_type=\"text-editor.default\">\n\t\t\t\t\t\t\t\t\t<p><span style=\"font-weight: 400;\">Als Massagetherapeut\/in bieten Sie unseren Kunden authentische Thai-Massagen an. Sie arbeiten in einem stimmungsvollen Salon mit einem kollegialen Team. Zu Ihren Aufgaben geh\u00f6ren:\n\nDurchf\u00fchrung verschiedener Thai-Massagetechniken wie traditionelle Thai-Massage, \u00d6lmassage, Kr\u00e4uterkompressenmassage und Hot-Stone-Massage\nSchaffung einer entspannten und einladenden Atmosph\u00e4re f\u00fcr unsere Kunden\nProfessioneller und kundenfreundlicher Empfang und Betreuung der Kunden\nBeratung zu Massage und K\u00f6rperpflege\nReinigung der Massager\u00e4ume und Instandhaltung der Massageger\u00e4te\nUnterst\u00fctzung Ihrer Kollegen bei der Vorbereitung von Behandlungen und der Reinigung der Massager\u00e4ume.<\/span><\/p><ul><li style=\"font-weight: 400;\" aria-level=\"1\"><span style=\"font-weight: 400;\">Sie f\u00fchrenverschiedene Thai-Massagetechniken durch, wie z. B. traditionelle Thai-Massage, \u00d6lmassage, Kr\u00e4uterkompressenmassage und Hot-Stone-Massage.<\/span><\/li><li style=\"font-weight: 400;\" aria-level=\"1\"><span style=\"font-weight: 400;\">Wir schaffen eine entspannte und einladende Atmosph\u00e4re f\u00fcr unsere Kunden.<\/span><\/li><li style=\"font-weight: 400;\" aria-level=\"1\"><span style=\"font-weight: 400;\">Kunden professionell und sehr kundenfreundlich empfangen und betreuen<\/span><\/li><li style=\"font-weight: 400;\" aria-level=\"1\"><span style=\"font-weight: 400;\">Beratung zu Massage und K\u00f6rperpflege<\/span><\/li><li style=\"font-weight: 400;\" aria-level=\"1\"><span style=\"font-weight: 400;\">Die Massager\u00e4ume sauber halten und die Massageger\u00e4te instand halten<\/span><\/li><li style=\"font-weight: 400;\" aria-level=\"1\"><span style=\"font-weight: 400;\">Unterst\u00fctzen Sie Ihre Kollegen nach Bedarf bei der Vorbereitung der Behandlungen und der Reinigung\/Vorbereitung der Massager\u00e4ume.<\/span><\/li><\/ul>\t\t\t\t\t\t\t\t<\/div>\n\t\t\t\t\t<\/div>\n\t\t\t\t<\/div>\n\t\t\t\t<\/div>\n\t\t<div class=\"elementor-element elementor-element-7dc9e09 e-con-full e-flex e-con e-parent\" data-id=\"7dc9e09\" data-element_type=\"container\" data-e-type=\"container\" data-settings=\"{&quot;background_background&quot;:&quot;classic&quot;}\">\n\t\t<div class=\"elementor-element elementor-element-ae1b30b e-flex e-con-boxed e-con e-child\" data-id=\"ae1b30b\" data-element_type=\"container\" data-e-type=\"container\" data-settings=\"{&quot;background_background&quot;:&quot;classic&quot;}\">\n\t\t\t\t\t<div class=\"e-con-inner\">\n\t\t\t\t<div class=\"elementor-element elementor-element-61435f9 elementor-widget elementor-widget-heading\" data-id=\"61435f9\" data-element_type=\"widget\" data-e-type=\"widget\" data-widget_type=\"heading.default\">\n\t\t\t\t\t<h2 class=\"elementor-heading-title elementor-size-default\">Wer bist du?<\/h2>\t\t\t\t<\/div>\n\t\t\t\t<div class=\"elementor-element elementor-element-d42bf43 elementor-widget elementor-widget-text-editor\" data-id=\"d42bf43\" data-element_type=\"widget\" data-e-type=\"widget\" data-widget_type=\"text-editor.default\">\n\t\t\t\t\t\t\t\t\t<ul><li style=\"font-weight: 400;\" aria-level=\"1\"><span style=\"font-weight: 400;\">Sie sind eine zertifizierte Thai-Massage-Therapeutin;<\/span><\/li><li style=\"font-weight: 400;\" aria-level=\"1\"><span style=\"font-weight: 400;\">Sie besitzen eine g\u00fcltige Arbeitserlaubnis f\u00fcr die Niederlande;<\/span><\/li><li style=\"font-weight: 400;\" aria-level=\"1\"><span style=\"font-weight: 400;\">Sie verf\u00fcgen \u00fcber mindestens 1 Jahr Berufserfahrung in einem Thai-Massage-Salon;<\/span><\/li><li style=\"font-weight: 400;\" aria-level=\"1\"><span style=\"font-weight: 400;\">Sie sprechen idealerweise Thail\u00e4ndisch, Englisch, Deutsch und Niederl\u00e4ndisch, aber wir w\u00e4ren auch mit 2 von 4 Sprachen zufrieden;<\/span><\/li><li style=\"font-weight: 400;\" aria-level=\"1\"><span style=\"font-weight: 400;\">Sie haben ein gepflegtes Erscheinungsbild, sind kundenorientiert und serviceorientiert;<\/span><\/li><li style=\"font-weight: 400;\" aria-level=\"1\"><span style=\"font-weight: 400;\">Sie haben eine Leidenschaft f\u00fcr die thail\u00e4ndische Massage und helfen gerne anderen Menschen;<\/span><\/li><li style=\"font-weight: 400;\" aria-level=\"1\"><span style=\"font-weight: 400;\">Sie arbeiten sowohl selbstst\u00e4ndig als auch im Team;<\/span><\/li><li style=\"font-weight: 400;\" aria-level=\"1\"><span style=\"font-weight: 400;\">Sie sind flexibel und bereit, abends und an Wochenenden zu arbeiten.<\/span><\/li><\/ul>\t\t\t\t\t\t\t\t<\/div>\n\t\t\t\t\t<\/div>\n\t\t\t\t<\/div>\n\t\t\t\t<div class=\"elementor-element elementor-element-3723f6b elementor-absolute elementor-widget elementor-widget-text-editor\" data-id=\"3723f6b\" data-element_type=\"widget\" data-e-type=\"widget\" data-settings=\"{&quot;_position&quot;:&quot;absolute&quot;}\" data-widget_type=\"text-editor.default\">\n\t\t\t\t\t\t\t\t\t<p><strong>Wann?<\/strong> Sofort verf\u00fcgbar.<\/p>\t\t\t\t\t\t\t\t<\/div>\n\t\t\t\t<\/div>\n\t\t<div class=\"elementor-element elementor-element-cf603e3 e-con-full e-flex e-con e-parent\" data-id=\"cf603e3\" data-element_type=\"container\" data-e-type=\"container\">\n\t\t<div class=\"elementor-element elementor-element-319fbb7 e-flex e-con-boxed e-con e-child\" data-id=\"319fbb7\" data-element_type=\"container\" data-e-type=\"container\" data-settings=\"{&quot;background_background&quot;:&quot;classic&quot;}\">\n\t\t\t\t\t<div class=\"e-con-inner\">\n\t\t\t\t<div class=\"elementor-element elementor-element-a6e238a elementor-widget elementor-widget-heading\" data-id=\"a6e238a\" data-element_type=\"widget\" data-e-type=\"widget\" data-widget_type=\"heading.default\">\n\t\t\t\t\t<h2 class=\"elementor-heading-title elementor-size-default\">Was bieten wir an?<\/h2>\t\t\t\t<\/div>\n\t\t\t\t<div class=\"elementor-element elementor-element-410ad42 elementor-widget elementor-widget-heading\" data-id=\"410ad42\" data-element_type=\"widget\" data-e-type=\"widget\" data-widget_type=\"heading.default\">\n\t\t\t\t\t<h2 class=\"elementor-heading-title elementor-size-default\">Ein abwechslungsreicher und anspruchsvoller Job im besten Salon in S\u00fcden von Limburg<\/h2>\t\t\t\t<\/div>\n\t\t\t\t<div class=\"elementor-element elementor-element-89881a3 elementor-widget elementor-widget-text-editor\" data-id=\"89881a3\" data-element_type=\"widget\" data-e-type=\"widget\" data-widget_type=\"text-editor.default\">\n\t\t\t\t\t\t\t\t\t<ul><li><span style=\"font-weight: 400;\">32-Stunden-Vertrag<\/span><\/li><li><span style=\"font-weight: 400;\">Ein Null-Stunden-Vertrag oder die T\u00e4tigkeit als Freiberufler sind ebenfalls M\u00f6glichkeiten. Dies wird besprochen.<\/span><\/li><\/ul>\t\t\t\t\t\t\t\t<\/div>\n\t\t\t\t\t<\/div>\n\t\t\t\t<\/div>\n\t\t\t\t<\/div>\n\t\t<div class=\"elementor-element elementor-element-2dff740 e-flex e-con-boxed e-con e-parent\" data-id=\"2dff740\" data-element_type=\"container\" data-e-type=\"container\">\n\t\t\t\t\t<div class=\"e-con-inner\">\n\t\t<div class=\"elementor-element elementor-element-7476053 e-con-full e-flex e-con e-child\" data-id=\"7476053\" data-element_type=\"container\" data-e-type=\"container\" data-settings=\"{&quot;background_background&quot;:&quot;classic&quot;}\">\n\t\t\t\t<div class=\"elementor-element elementor-element-c11e326 elementor-widget elementor-widget-heading\" data-id=\"c11e326\" data-element_type=\"widget\" data-e-type=\"widget\" data-widget_type=\"heading.default\">\n\t\t\t\t\t<h2 class=\"elementor-heading-title elementor-size-default\">Einzelheiten<\/h2>\t\t\t\t<\/div>\n\t\t\t\t<div class=\"elementor-element elementor-element-1372eea elementor-widget elementor-widget-text-editor\" data-id=\"1372eea\" data-element_type=\"widget\" data-e-type=\"widget\" data-widget_type=\"text-editor.default\">\n\t\t\t\t\t\t\t\t\t<p><span style=\"font-weight: 400;\">Die Absolvierung eines Eignungstests in Form einer Probemassage ist Teil des Auswahlverfahrens.<\/span><\/p>\t\t\t\t\t\t\t\t<\/div>\n\t\t\t\t<\/div>\n\t\t<div class=\"elementor-element elementor-element-fa9710b e-con-full e-flex e-con e-child\" data-id=\"fa9710b\" data-element_type=\"container\" data-e-type=\"container\" data-settings=\"{&quot;background_background&quot;:&quot;classic&quot;}\">\n\t\t\t\t<div class=\"elementor-element elementor-element-2393518 elementor-widget elementor-widget-heading\" data-id=\"2393518\" data-element_type=\"widget\" data-e-type=\"widget\" data-widget_type=\"heading.default\">\n\t\t\t\t\t<h2 class=\"elementor-heading-title elementor-size-default\">Spricht Sie diese freie Stelle an?<\/h2>\t\t\t\t<\/div>\n\t\t\t\t<div class=\"elementor-element elementor-element-c82cb47 elementor-widget elementor-widget-text-editor\" data-id=\"c82cb47\" data-element_type=\"widget\" data-e-type=\"widget\" data-widget_type=\"text-editor.default\">\n\t\t\t\t\t\t\t\t\t<p><span style=\"font-weight: 400;\">Dann rufen Sie uns einfach unter \n+31(0)6 51309043 an oder besuchen Sie unseren Salon in Bocholtz.<\/span><\/p>\t\t\t\t\t\t\t\t<\/div>\n\t\t\t\t<\/div>\n\t\t\t\t\t<\/div>\n\t\t\t\t<\/div>\n\t\t\t\t<\/div>","protected":false},"excerpt":{"rendered":"<p>Vacatures Kom jij ons team versterken? Ben jij een gediplomeerde masseuse met een passie voor Thaise massagetechnieken? Enthousiast om mensen te helpen ontspannen en pijnklachten te verlichten? Dan zijn we op zoek naar jou! Van 0-40 uur per week, in overleg. Wat ga je doen? Als massagetherapeut verzorg je authentieke Thaise massages aan onze cli\u00ebnten. [&hellip;]<\/p>\n","protected":false},"author":1,"featured_media":0,"parent":0,"menu_order":0,"comment_status":"closed","ping_status":"closed","template":"","meta":{"footnotes":""},"class_list":["post-313","page","type-page","status-publish","hentry"],"yoast_head":"<!-- This site is optimized with the Yoast SEO plugin v27.4 - https:\/\/yoast.com\/product\/yoast-seo-wordpress\/ -->\n<title>Vacature | Nuna&#039;s Traditional Thai Massage Bocholtz<\/title>\n<meta name=\"description\" content=\"Gediplomeerd Thaise massagetherapeut? Kom ons team versterken in Bocholtz! Solliciteer nu bij Nuna&#039;s Traditional Thai Massage.\" \/>\n<meta name=\"robots\" content=\"index, follow, max-snippet:-1, max-image-preview:large, max-video-preview:-1\" \/>\n<link rel=\"canonical\" href=\"https:\/\/nunatraditionalthaimassage.com\/de\/stellen-angebote\/\" \/>\n<meta property=\"og:locale\" content=\"de_DE\" \/>\n<meta property=\"og:type\" content=\"article\" \/>\n<meta property=\"og:title\" content=\"Vacature | Nuna&#039;s Traditional Thai Massage Bocholtz\" \/>\n<meta property=\"og:description\" content=\"Gediplomeerd Thaise massagetherapeut? Kom ons team versterken in Bocholtz! Solliciteer nu bij Nuna&#039;s Traditional Thai Massage.\" \/>\n<meta property=\"og:url\" content=\"https:\/\/nunatraditionalthaimassage.com\/de\/stellen-angebote\/\" \/>\n<meta property=\"og:site_name\" content=\"https:\/\/nunatraditionalthaimassage.com\" \/>\n<meta property=\"article:publisher\" content=\"https:\/\/www.facebook.com\/nunathaimassage\" \/>\n<meta property=\"article:modified_time\" content=\"2026-03-29T17:10:34+00:00\" \/>\n<meta name=\"twitter:card\" content=\"summary_large_image\" \/>\n<meta name=\"twitter:label1\" content=\"Gesch\u00e4tzte Lesezeit\" \/>\n\t<meta name=\"twitter:data1\" content=\"2\u00a0Minuten\" \/>\n<script type=\"application\/ld+json\" class=\"yoast-schema-graph\">{\"@context\":\"https:\\\/\\\/schema.org\",\"@graph\":[{\"@type\":\"WebPage\",\"@id\":\"https:\\\/\\\/nunatraditionalthaimassage.com\\\/vacatures\\\/\",\"url\":\"https:\\\/\\\/nunatraditionalthaimassage.com\\\/vacatures\\\/\",\"name\":\"Vacature | Nuna's Traditional Thai Massage Bocholtz\",\"isPartOf\":{\"@id\":\"https:\\\/\\\/nunatraditionalthaimassage.com\\\/#website\"},\"datePublished\":\"2026-03-16T16:04:22+00:00\",\"dateModified\":\"2026-03-29T17:10:34+00:00\",\"description\":\"Gediplomeerd Thaise massagetherapeut? Kom ons team versterken in Bocholtz! Solliciteer nu bij Nuna's Traditional Thai Massage.\",\"breadcrumb\":{\"@id\":\"https:\\\/\\\/nunatraditionalthaimassage.com\\\/vacatures\\\/#breadcrumb\"},\"inLanguage\":\"de\",\"potentialAction\":[{\"@type\":\"ReadAction\",\"target\":[\"https:\\\/\\\/nunatraditionalthaimassage.com\\\/vacatures\\\/\"]}]},{\"@type\":\"BreadcrumbList\",\"@id\":\"https:\\\/\\\/nunatraditionalthaimassage.com\\\/vacatures\\\/#breadcrumb\",\"itemListElement\":[{\"@type\":\"ListItem\",\"position\":1,\"name\":\"Home\",\"item\":\"https:\\\/\\\/nunatraditionalthaimassage.com\\\/\"},{\"@type\":\"ListItem\",\"position\":2,\"name\":\"Vacatures\"}]},{\"@type\":\"WebSite\",\"@id\":\"https:\\\/\\\/nunatraditionalthaimassage.com\\\/#website\",\"url\":\"https:\\\/\\\/nunatraditionalthaimassage.com\\\/\",\"name\":\"https:\\\/\\\/nunatraditionalthaimassage.com\",\"description\":\"Feel at home in your body\",\"publisher\":{\"@id\":\"https:\\\/\\\/nunatraditionalthaimassage.com\\\/#organization\"},\"potentialAction\":[{\"@type\":\"SearchAction\",\"target\":{\"@type\":\"EntryPoint\",\"urlTemplate\":\"https:\\\/\\\/nunatraditionalthaimassage.com\\\/?s={search_term_string}\"},\"query-input\":{\"@type\":\"PropertyValueSpecification\",\"valueRequired\":true,\"valueName\":\"search_term_string\"}}],\"inLanguage\":\"de\"},{\"@type\":\"Organization\",\"@id\":\"https:\\\/\\\/nunatraditionalthaimassage.com\\\/#organization\",\"name\":\"https:\\\/\\\/nunatraditionalthaimassage.com\",\"url\":\"https:\\\/\\\/nunatraditionalthaimassage.com\\\/\",\"logo\":{\"@type\":\"ImageObject\",\"inLanguage\":\"de\",\"@id\":\"https:\\\/\\\/nunatraditionalthaimassage.com\\\/#\\\/schema\\\/logo\\\/image\\\/\",\"url\":\"https:\\\/\\\/nunatraditionalthaimassage.com\\\/wp-content\\\/uploads\\\/2026\\\/03\\\/nuna_favicon.png\",\"contentUrl\":\"https:\\\/\\\/nunatraditionalthaimassage.com\\\/wp-content\\\/uploads\\\/2026\\\/03\\\/nuna_favicon.png\",\"width\":875,\"height\":875,\"caption\":\"https:\\\/\\\/nunatraditionalthaimassage.com\"},\"image\":{\"@id\":\"https:\\\/\\\/nunatraditionalthaimassage.com\\\/#\\\/schema\\\/logo\\\/image\\\/\"},\"sameAs\":[\"https:\\\/\\\/www.facebook.com\\\/nunathaimassage\",\"https:\\\/\\\/www.instagram.com\\\/nuna.thai.massage\\\/\",\"https:\\\/\\\/www.linkedin.com\\\/company\\\/nuna-s-traditional-thai-massage\\\/\",\"https:\\\/\\\/youtube.com\\\/@NunastraditionalThaimassage\"]}]}<\/script>\n<!-- \/ Yoast SEO plugin. -->","yoast_head_json":{"title":"Vacature | Nuna's Traditional Thai Massage Bocholtz","description":"Gediplomeerd Thaise massagetherapeut? Kom ons team versterken in Bocholtz! Solliciteer nu bij Nuna's Traditional Thai Massage.","robots":{"index":"index","follow":"follow","max-snippet":"max-snippet:-1","max-image-preview":"max-image-preview:large","max-video-preview":"max-video-preview:-1"},"canonical":"https:\/\/nunatraditionalthaimassage.com\/de\/stellen-angebote\/","og_locale":"de_DE","og_type":"article","og_title":"Vacature | Nuna's Traditional Thai Massage Bocholtz","og_description":"Gediplomeerd Thaise massagetherapeut? Kom ons team versterken in Bocholtz! Solliciteer nu bij Nuna's Traditional Thai Massage.","og_url":"https:\/\/nunatraditionalthaimassage.com\/de\/stellen-angebote\/","og_site_name":"https:\/\/nunatraditionalthaimassage.com","article_publisher":"https:\/\/www.facebook.com\/nunathaimassage","article_modified_time":"2026-03-29T17:10:34+00:00","twitter_card":"summary_large_image","twitter_misc":{"Gesch\u00e4tzte Lesezeit":"2\u00a0Minuten"},"schema":{"@context":"https:\/\/schema.org","@graph":[{"@type":"WebPage","@id":"https:\/\/nunatraditionalthaimassage.com\/vacatures\/","url":"https:\/\/nunatraditionalthaimassage.com\/vacatures\/","name":"Vacature | Nuna's Traditional Thai Massage Bocholtz","isPartOf":{"@id":"https:\/\/nunatraditionalthaimassage.com\/#website"},"datePublished":"2026-03-16T16:04:22+00:00","dateModified":"2026-03-29T17:10:34+00:00","description":"Gediplomeerd Thaise massagetherapeut? Kom ons team versterken in Bocholtz! Solliciteer nu bij Nuna's Traditional Thai Massage.","breadcrumb":{"@id":"https:\/\/nunatraditionalthaimassage.com\/vacatures\/#breadcrumb"},"inLanguage":"de","potentialAction":[{"@type":"ReadAction","target":["https:\/\/nunatraditionalthaimassage.com\/vacatures\/"]}]},{"@type":"BreadcrumbList","@id":"https:\/\/nunatraditionalthaimassage.com\/vacatures\/#breadcrumb","itemListElement":[{"@type":"ListItem","position":1,"name":"Home","item":"https:\/\/nunatraditionalthaimassage.com\/"},{"@type":"ListItem","position":2,"name":"Vacatures"}]},{"@type":"WebSite","@id":"https:\/\/nunatraditionalthaimassage.com\/#website","url":"https:\/\/nunatraditionalthaimassage.com\/","name":"https:\/\/nunatraditionalthaimassage.com","description":"Feel at home in your body","publisher":{"@id":"https:\/\/nunatraditionalthaimassage.com\/#organization"},"potentialAction":[{"@type":"SearchAction","target":{"@type":"EntryPoint","urlTemplate":"https:\/\/nunatraditionalthaimassage.com\/?s={search_term_string}"},"query-input":{"@type":"PropertyValueSpecification","valueRequired":true,"valueName":"search_term_string"}}],"inLanguage":"de"},{"@type":"Organization","@id":"https:\/\/nunatraditionalthaimassage.com\/#organization","name":"https:\/\/nunatraditionalthaimassage.com","url":"https:\/\/nunatraditionalthaimassage.com\/","logo":{"@type":"ImageObject","inLanguage":"de","@id":"https:\/\/nunatraditionalthaimassage.com\/#\/schema\/logo\/image\/","url":"https:\/\/nunatraditionalthaimassage.com\/wp-content\/uploads\/2026\/03\/nuna_favicon.png","contentUrl":"https:\/\/nunatraditionalthaimassage.com\/wp-content\/uploads\/2026\/03\/nuna_favicon.png","width":875,"height":875,"caption":"https:\/\/nunatraditionalthaimassage.com"},"image":{"@id":"https:\/\/nunatraditionalthaimassage.com\/#\/schema\/logo\/image\/"},"sameAs":["https:\/\/www.facebook.com\/nunathaimassage","https:\/\/www.instagram.com\/nuna.thai.massage\/","https:\/\/www.linkedin.com\/company\/nuna-s-traditional-thai-massage\/","https:\/\/youtube.com\/@NunastraditionalThaimassage"]}]}},"_links":{"self":[{"href":"https:\/\/nunatraditionalthaimassage.com\/de\/wp-json\/wp\/v2\/pages\/313","targetHints":{"allow":["GET"]}}],"collection":[{"href":"https:\/\/nunatraditionalthaimassage.com\/de\/wp-json\/wp\/v2\/pages"}],"about":[{"href":"https:\/\/nunatraditionalthaimassage.com\/de\/wp-json\/wp\/v2\/types\/page"}],"author":[{"embeddable":true,"href":"https:\/\/nunatraditionalthaimassage.com\/de\/wp-json\/wp\/v2\/users\/1"}],"replies":[{"embeddable":true,"href":"https:\/\/nunatraditionalthaimassage.com\/de\/wp-json\/wp\/v2\/comments?post=313"}],"version-history":[{"count":24,"href":"https:\/\/nunatraditionalthaimassage.com\/de\/wp-json\/wp\/v2\/pages\/313\/revisions"}],"predecessor-version":[{"id":697,"href":"https:\/\/nunatraditionalthaimassage.com\/de\/wp-json\/wp\/v2\/pages\/313\/revisions\/697"}],"wp:attachment":[{"href":"https:\/\/nunatraditionalthaimassage.com\/de\/wp-json\/wp\/v2\/media?parent=313"}],"curies":[{"name":"wp","href":"https:\/\/api.w.org\/{rel}","templated":true}]}}